{"id":1731,"date":"2023-02-20T13:47:02","date_gmt":"2023-02-20T13:47:02","guid":{"rendered":"https:\/\/38972185.servicio-online.net\/lumilightgrow\/?post_type=product&#038;p=1731"},"modified":"2024-09-09T15:52:27","modified_gmt":"2024-09-09T15:52:27","slug":"kit-solar-grow","status":"publish","type":"product","link":"https:\/\/lumilightgrow.com\/?product=kit-solar-grow","title":{"rendered":"KIT SOLAR GROW"},"content":{"rendered":"<p><img decoding=\"async\" class=\"alignnone wp-image-1748 \" src=\"https:\/\/lumilightgrow.com\/wp-content\/uploads\/2023\/02\/solar1-1.jpg\" alt=\"\" width=\"572\" height=\"250\" \/><\/p>\n<h3><strong>Produce tu propia energ\u00eda<\/strong><\/h3>\n<ul>\n<li style=\"text-align: left;\">Asesoramiento paso a paso en tu instalaci\u00f3n<\/li>\n<li style=\"text-align: left;\">M\u00e1xima eficiencia en tu cultivo<\/li>\n<li style=\"text-align: left;\">Garant\u00eda 15 a\u00f1os en paneles y 10 a\u00f1os en inversores<\/li>\n<li style=\"text-align: left;\">Los Kits mas basicos de autoconsumo incluyen los modulos fotovoltaicos y el inversor. (No estan incluidas las estructuras, cable solar y cuadro de protecciones) pero podemos incluirlo solicitando precios o presupuesto<\/li>\n<\/ul>\n<p><a href=\"https:\/\/lumilightgrow.com\/?page_id=1742\"><strong>M\u00e1s informaci\u00f3n<\/strong><\/a><\/p>\n","protected":false},"excerpt":{"rendered":"<h3>Con nuestro kit de autoconsumo de <strong>3 a 30kW<\/strong> podr\u00e1s suministrar energ\u00eda a un \u00e1rea de cultivo de entre <strong>8 y 84 m2<\/strong>.<\/h3>\n<h4>Un gran ahorro y eficiencia en tu factura el\u00e9ctrica.<\/h4>\n<h4>Los kits mas basicos solo incluyen los modulos fotovoltaicos y el inversor<\/h4>\n<h4><strong>Elige tus opciones de configuraci\u00f3n&gt;<\/strong><\/h4>\n","protected":false},"featured_media":2423,"comment_status":"closed","ping_status":"closed","template":"","meta":[],"product_brand":[],"product_cat":[66],"product_tag":[],"class_list":{"0":"post-1731","1":"product","2":"type-product","3":"status-publish","4":"has-post-thumbnail","6":"product_cat-solar-grow","8":"first","9":"instock","10":"sold-individually","11":"shipping-taxable","12":"purchasable","13":"product-type-variable","14":"czr-hentry"},"yoast_head":"<!-- This site is optimized with the Yoast SEO plugin v24.5 - https:\/\/yoast.com\/wordpress\/plugins\/seo\/ -->\n<title>KIT SOLAR GROW - LumiLight Grow<\/title>\n<meta name=\"robots\" content=\"index, follow, max-snippet:-1, max-image-preview:large, max-video-preview:-1\" \/>\n<link rel=\"canonical\" href=\"https:\/\/lumilightgrow.com\/producto\/kit-solar-grow\/\" \/>\n<meta property=\"og:locale\" content=\"es_ES\" \/>\n<meta property=\"og:type\" content=\"article\" \/>\n<meta property=\"og:title\" content=\"KIT SOLAR GROW - LumiLight Grow\" \/>\n<meta property=\"og:description\" content=\"Con nuestro kit de autoconsumo de 3 a 30kW podr\u00e1s suministrar energ\u00eda a un \u00e1rea de cultivo de entre 8 y 84 m2. Un gran ahorro y eficiencia en tu factura el\u00e9ctrica. Los kits mas basicos solo incluyen los modulos fotovoltaicos y el inversor Elige tus opciones de configuraci\u00f3n&gt;\" \/>\n<meta property=\"og:url\" content=\"https:\/\/lumilightgrow.com\/producto\/kit-solar-grow\/\" \/>\n<meta property=\"og:site_name\" content=\"LumiLight Grow\" \/>\n<meta property=\"article:modified_time\" content=\"2024-09-09T15:52:27+00:00\" \/>\n<meta property=\"og:image\" content=\"https:\/\/lumilightgrow.com\/wp-content\/uploads\/2023\/02\/portad_kitsolar2.png\" \/>\n\t<meta property=\"og:image:width\" content=\"600\" \/>\n\t<meta property=\"og:image:height\" content=\"594\" \/>\n\t<meta property=\"og:image:type\" content=\"image\/png\" \/>\n<meta name=\"twitter:card\" content=\"summary_large_image\" \/>\n<meta name=\"twitter:label1\" content=\"Tiempo de lectura\" \/>\n\t<meta name=\"twitter:data1\" content=\"1 minuto\" \/>\n<script type=\"application\/ld+json\" class=\"yoast-schema-graph\">{\"@context\":\"https:\/\/schema.org\",\"@graph\":[{\"@type\":\"WebPage\",\"@id\":\"https:\/\/lumilightgrow.com\/producto\/kit-solar-grow\/\",\"url\":\"https:\/\/lumilightgrow.com\/producto\/kit-solar-grow\/\",\"name\":\"KIT SOLAR GROW - LumiLight Grow\",\"isPartOf\":{\"@id\":\"https:\/\/lumilightgrow.com\/#website\"},\"primaryImageOfPage\":{\"@id\":\"https:\/\/lumilightgrow.com\/producto\/kit-solar-grow\/#primaryimage\"},\"image\":{\"@id\":\"https:\/\/lumilightgrow.com\/producto\/kit-solar-grow\/#primaryimage\"},\"thumbnailUrl\":\"https:\/\/lumilightgrow.com\/wp-content\/uploads\/2023\/02\/portad_kitsolar2.png\",\"datePublished\":\"2023-02-20T13:47:02+00:00\",\"dateModified\":\"2024-09-09T15:52:27+00:00\",\"breadcrumb\":{\"@id\":\"https:\/\/lumilightgrow.com\/producto\/kit-solar-grow\/#breadcrumb\"},\"inLanguage\":\"es\",\"potentialAction\":[{\"@type\":\"ReadAction\",\"target\":[\"https:\/\/lumilightgrow.com\/producto\/kit-solar-grow\/\"]}]},{\"@type\":\"ImageObject\",\"inLanguage\":\"es\",\"@id\":\"https:\/\/lumilightgrow.com\/producto\/kit-solar-grow\/#primaryimage\",\"url\":\"https:\/\/lumilightgrow.com\/wp-content\/uploads\/2023\/02\/portad_kitsolar2.png\",\"contentUrl\":\"https:\/\/lumilightgrow.com\/wp-content\/uploads\/2023\/02\/portad_kitsolar2.png\",\"width\":600,\"height\":594},{\"@type\":\"BreadcrumbList\",\"@id\":\"https:\/\/lumilightgrow.com\/producto\/kit-solar-grow\/#breadcrumb\",\"itemListElement\":[{\"@type\":\"ListItem\",\"position\":1,\"name\":\"Portada\",\"item\":\"https:\/\/lumilightgrow.com\/\"},{\"@type\":\"ListItem\",\"position\":2,\"name\":\"Tienda\",\"item\":\"https:\/\/lumilightgrow.com\/?page_id=76\"},{\"@type\":\"ListItem\",\"position\":3,\"name\":\"KIT SOLAR GROW\"}]},{\"@type\":\"WebSite\",\"@id\":\"https:\/\/lumilightgrow.com\/#website\",\"url\":\"https:\/\/lumilightgrow.com\/\",\"name\":\"LumiLight Grow\",\"description\":\"HORTICULTURE LIGHTING\",\"potentialAction\":[{\"@type\":\"SearchAction\",\"target\":{\"@type\":\"EntryPoint\",\"urlTemplate\":\"https:\/\/lumilightgrow.com\/?s={search_term_string}\"},\"query-input\":{\"@type\":\"PropertyValueSpecification\",\"valueRequired\":true,\"valueName\":\"search_term_string\"}}],\"inLanguage\":\"es\"}]}<\/script>\n<!-- \/ Yoast SEO plugin. -->","yoast_head_json":{"title":"KIT SOLAR GROW - LumiLight Grow","robots":{"index":"index","follow":"follow","max-snippet":"max-snippet:-1","max-image-preview":"max-image-preview:large","max-video-preview":"max-video-preview:-1"},"canonical":"https:\/\/lumilightgrow.com\/producto\/kit-solar-grow\/","og_locale":"es_ES","og_type":"article","og_title":"KIT SOLAR GROW - LumiLight Grow","og_description":"Con nuestro kit de autoconsumo de 3 a 30kW podr\u00e1s suministrar energ\u00eda a un \u00e1rea de cultivo de entre 8 y 84 m2. Un gran ahorro y eficiencia en tu factura el\u00e9ctrica. Los kits mas basicos solo incluyen los modulos fotovoltaicos y el inversor Elige tus opciones de configuraci\u00f3n&gt;","og_url":"https:\/\/lumilightgrow.com\/producto\/kit-solar-grow\/","og_site_name":"LumiLight Grow","article_modified_time":"2024-09-09T15:52:27+00:00","og_image":[{"width":600,"height":594,"url":"https:\/\/lumilightgrow.com\/wp-content\/uploads\/2023\/02\/portad_kitsolar2.png","type":"image\/png"}],"twitter_card":"summary_large_image","twitter_misc":{"Tiempo de lectura":"1 minuto"},"schema":{"@context":"https:\/\/schema.org","@graph":[{"@type":"WebPage","@id":"https:\/\/lumilightgrow.com\/producto\/kit-solar-grow\/","url":"https:\/\/lumilightgrow.com\/producto\/kit-solar-grow\/","name":"KIT SOLAR GROW - LumiLight Grow","isPartOf":{"@id":"https:\/\/lumilightgrow.com\/#website"},"primaryImageOfPage":{"@id":"https:\/\/lumilightgrow.com\/producto\/kit-solar-grow\/#primaryimage"},"image":{"@id":"https:\/\/lumilightgrow.com\/producto\/kit-solar-grow\/#primaryimage"},"thumbnailUrl":"https:\/\/lumilightgrow.com\/wp-content\/uploads\/2023\/02\/portad_kitsolar2.png","datePublished":"2023-02-20T13:47:02+00:00","dateModified":"2024-09-09T15:52:27+00:00","breadcrumb":{"@id":"https:\/\/lumilightgrow.com\/producto\/kit-solar-grow\/#breadcrumb"},"inLanguage":"es","potentialAction":[{"@type":"ReadAction","target":["https:\/\/lumilightgrow.com\/producto\/kit-solar-grow\/"]}]},{"@type":"ImageObject","inLanguage":"es","@id":"https:\/\/lumilightgrow.com\/producto\/kit-solar-grow\/#primaryimage","url":"https:\/\/lumilightgrow.com\/wp-content\/uploads\/2023\/02\/portad_kitsolar2.png","contentUrl":"https:\/\/lumilightgrow.com\/wp-content\/uploads\/2023\/02\/portad_kitsolar2.png","width":600,"height":594},{"@type":"BreadcrumbList","@id":"https:\/\/lumilightgrow.com\/producto\/kit-solar-grow\/#breadcrumb","itemListElement":[{"@type":"ListItem","position":1,"name":"Portada","item":"https:\/\/lumilightgrow.com\/"},{"@type":"ListItem","position":2,"name":"Tienda","item":"https:\/\/lumilightgrow.com\/?page_id=76"},{"@type":"ListItem","position":3,"name":"KIT SOLAR GROW"}]},{"@type":"WebSite","@id":"https:\/\/lumilightgrow.com\/#website","url":"https:\/\/lumilightgrow.com\/","name":"LumiLight Grow","description":"HORTICULTURE LIGHTING","potentialAction":[{"@type":"SearchAction","target":{"@type":"EntryPoint","urlTemplate":"https:\/\/lumilightgrow.com\/?s={search_term_string}"},"query-input":{"@type":"PropertyValueSpecification","valueRequired":true,"valueName":"search_term_string"}}],"inLanguage":"es"}]}},"_links":{"self":[{"href":"https:\/\/lumilightgrow.com\/index.php?rest_route=\/wp\/v2\/product\/1731","targetHints":{"allow":["GET"]}}],"collection":[{"href":"https:\/\/lumilightgrow.com\/index.php?rest_route=\/wp\/v2\/product"}],"about":[{"href":"https:\/\/lumilightgrow.com\/index.php?rest_route=\/wp\/v2\/types\/product"}],"replies":[{"embeddable":true,"href":"https:\/\/lumilightgrow.com\/index.php?rest_route=%2Fwp%2Fv2%2Fcomments&post=1731"}],"wp:featuredmedia":[{"embeddable":true,"href":"https:\/\/lumilightgrow.com\/index.php?rest_route=\/wp\/v2\/media\/2423"}],"wp:attachment":[{"href":"https:\/\/lumilightgrow.com\/index.php?rest_route=%2Fwp%2Fv2%2Fmedia&parent=1731"}],"wp:term":[{"taxonomy":"product_brand","embeddable":true,"href":"https:\/\/lumilightgrow.com\/index.php?rest_route=%2Fwp%2Fv2%2Fproduct_brand&post=1731"},{"taxonomy":"product_cat","embeddable":true,"href":"https:\/\/lumilightgrow.com\/index.php?rest_route=%2Fwp%2Fv2%2Fproduct_cat&post=1731"},{"taxonomy":"product_tag","embeddable":true,"href":"https:\/\/lumilightgrow.com\/index.php?rest_route=%2Fwp%2Fv2%2Fproduct_tag&post=1731"}],"curies":[{"name":"wp","href":"https:\/\/api.w.org\/{rel}","templated":true}]}}